{"id":66,"date":"2023-10-28T12:10:39","date_gmt":"2023-10-28T10:10:39","guid":{"rendered":"https:\/\/aiucd2024.unict.it\/?page_id=66"},"modified":"2024-05-03T17:07:26","modified_gmt":"2024-05-03T15:07:26","slug":"come-raggiungere-catania","status":"publish","type":"page","link":"https:\/\/aiucd2024.unict.it\/en\/come-raggiungere-catania\/","title":{"rendered":"How to reach Catania"},"content":{"rendered":"<h2 class=\"wp-block-heading\">By Air<\/h2>\n\n\n\n<p><u><a href=\"https:\/\/www.aeroporto.catania.it\/\">Aeroporto &#8220;Vincenzo Bellini&#8221; di Catania-Fontanarossa<\/a><\/u><\/p>\n\n\n\n<p class=\" translation-block\">The airport is approximately 5 km from the city center. From the airport, you can easily reach the center via the <u><a href=\"https:\/\/www.amts.ct.it\/alibus\" target=\"_self\">Alibus<\/a><\/u> line: the nearest stop to the Congress venue is <em>Stesicoro<\/em>, from which you can then walk to Piazza Dante. The ticket price for a single ride is \u20ac4 and can be purchased at the airport, on the bus in cash or by POS, or at AMTS retailers. Buses run every 25 minutes.\nThe center can also be reached by taxi. For rates, please refer to the <u><a href=\"https:\/\/www.radiotaxicatania.org\/it\/\" target=\"_self\">Radio Taxi Catania<\/a><\/u> website.<\/p>\n\n\n\n<div style=\"height:32px\" aria-hidden=\"true\" class=\"wp-block-spacer\"><\/div>\n\n\n\n<h2 class=\"wp-block-heading\">By Train or Bus<\/h2>\n\n\n\n<p><u><a href=\"https:\/\/www.trenitalia.com\/it.html\">Trenitalia<\/a><\/u><\/p>\n\n\n\n<p><u><a href=\"https:\/\/www.flixbus.it\/\">Flixbus<\/a><\/u><\/p>\n\n\n\n<p><u><a href=\"https:\/\/www.saisautolinee.it\/\">Sais Autolinee<\/a><\/u><\/p>\n\n\n\n<div style=\"height:32px\" aria-hidden=\"true\" class=\"wp-block-spacer\"><\/div>\n\n\n\n<h2 class=\"wp-block-heading\">By Car<\/h2>\n\n\n\n<p class=\" translation-block\">Take the <strong>A2 Salerno-Reggio Calabria<\/strong> motorway until <strong>Villa San Giovanni<\/strong>. Take the ferry and continue on the <strong>A18 Messina-Catania<\/strong> towards <em>Catania<\/em>.\nExit at the <strong>Catania Centro<\/strong> junction.<\/p>","protected":false},"excerpt":{"rendered":"<p>In aereo Aeroporto &#8220;Vincenzo Bellini&#8221; di Catania-Fontanarossa L\u2019aeroporto dista circa 5 km dal centro della citt\u00e0. Dall\u2019aeroporto si pu\u00f2 facilmente raggiungere il centro tramite la linea Alibus: la fermata pi\u00f9 vicina alla sede del Congresso \u00e8 Stesicoro, dalla quale si pu\u00f2 poi raggiungere a piedi piazza Dante. Il prezzo del biglietto per una corsa \u00e8 [&hellip;]<\/p>","protected":false},"author":1,"featured_media":0,"parent":0,"menu_order":0,"comment_status":"closed","ping_status":"closed","template":"","meta":{"footnotes":""},"class_list":["post-66","page","type-page","status-publish","hentry"],"_links":{"self":[{"href":"https:\/\/aiucd2024.unict.it\/en\/wp-json\/wp\/v2\/pages\/66","targetHints":{"allow":["GET"]}}],"collection":[{"href":"https:\/\/aiucd2024.unict.it\/en\/wp-json\/wp\/v2\/pages"}],"about":[{"href":"https:\/\/aiucd2024.unict.it\/en\/wp-json\/wp\/v2\/types\/page"}],"author":[{"embeddable":true,"href":"https:\/\/aiucd2024.unict.it\/en\/wp-json\/wp\/v2\/users\/1"}],"replies":[{"embeddable":true,"href":"https:\/\/aiucd2024.unict.it\/en\/wp-json\/wp\/v2\/comments?post=66"}],"version-history":[{"count":4,"href":"https:\/\/aiucd2024.unict.it\/en\/wp-json\/wp\/v2\/pages\/66\/revisions"}],"predecessor-version":[{"id":335,"href":"https:\/\/aiucd2024.unict.it\/en\/wp-json\/wp\/v2\/pages\/66\/revisions\/335"}],"wp:attachment":[{"href":"https:\/\/aiucd2024.unict.it\/en\/wp-json\/wp\/v2\/media?parent=66"}],"curies":[{"name":"wp","href":"https:\/\/api.w.org\/{rel}","templated":true}]}}